{"id":991,"date":"2025-05-13T08:05:45","date_gmt":"2025-05-13T12:05:45","guid":{"rendered":"https:\/\/psicoterapiaentusmanos.com\/producto\/productividad-sin-estres\/"},"modified":"2026-04-03T16:25:48","modified_gmt":"2026-04-03T20:25:48","slug":"productividad-sin-estres","status":"publish","type":"product","link":"https:\/\/psicoterapiaentusmanos.com\/en\/product\/productividad-sin-estres\/","title":{"rendered":"Productividad sin Estr\u00e9s"},"content":{"rendered":"<p>\ud83d\ude80 \u00bfQuieres ser m\u00e1s productivo sin sentirte abrumado ni estresado?<br \/>\nEste ebook de Productividad sin Estr\u00e9s es tu mejor aliado para organizarte, optimizar tu tiempo y lograr m\u00e1s con menos ansiedad.<\/p>\n<p>Por solo $11, descubre las estrategias que transformar\u00e1n tu d\u00eda a d\u00eda.<\/p>\n<p>\ud83d\udc49 Compra ahora y empieza a vivir con m\u00e1s calma y eficiencia.<\/p>","protected":false},"excerpt":{"rendered":"<p>\ud83d\ude80 \u00bfQuieres desbloquear tu potencial y alcanzarla sin estr\u00e9s?<br \/>\n\u00a1Este ebook es para ti! Descubre secretos de productividad que transformar\u00e1n tu vida.<\/p>\n<p>Por solo $11, aprende a gestionar tu tiempo de manera efectiva. \u00a1No esperes m\u00e1s!<\/p>\n<p>\ud83d\udc49 Compra ahora y empieza a vivir la vida que mereces.<\/p>","protected":false},"featured_media":1583,"template":"","meta":{"om_disable_all_campaigns":false,"_uag_custom_page_level_css":"","_monsterinsights_skip_tracking":false,"_monsterinsights_sitenote_active":false,"_monsterinsights_sitenote_note":"","_monsterinsights_sitenote_category":0,"site-sidebar-layout":"default","site-content-layout":"","ast-site-content-layout":"default","site-content-style":"default","site-sidebar-style":"default","ast-global-header-display":"","ast-banner-title-visibility":"","ast-main-header-display":"","ast-hfb-above-header-display":"","ast-hfb-below-header-display":"","ast-hfb-mobile-header-display":"","site-post-title":"","ast-breadcrumbs-content":"","ast-featured-img":"","footer-sml-layout":"","ast-disable-related-posts":"","theme-transparent-header-meta":"","adv-header-id-meta":"","stick-header-meta":"","header-above-stick-meta":"","header-main-stick-meta":"","header-below-stick-meta":"","astra-migrate-meta-layouts":"default","ast-page-background-enabled":"default","ast-page-background-meta":{"desktop":{"background-color":"var(--ast-global-color-4)","background-image":"","background-repeat":"repeat","background-position":"center center","background-size":"auto","background-attachment":"scroll","background-type":"","background-media":"","overlay-type":"","overlay-color":"","overlay-opacity":"","overlay-gradient":""},"tablet":{"background-color":"","background-image":"","background-repeat":"repeat","background-position":"center center","background-size":"auto","background-attachment":"scroll","background-type":"","background-media":"","overlay-type":"","overlay-color":"","overlay-opacity":"","overlay-gradient":""},"mobile":{"background-color":"","background-image":"","background-repeat":"repeat","background-position":"center center","background-size":"auto","background-attachment":"scroll","background-type":"","background-media":"","overlay-type":"","overlay-color":"","overlay-opacity":"","overlay-gradient":""}},"ast-content-background-meta":{"desktop":{"background-color":"var(--ast-global-color-5)","background-image":"","background-repeat":"repeat","background-position":"center center","background-size":"auto","background-attachment":"scroll","background-type":"","background-media":"","overlay-type":"","overlay-color":"","overlay-opacity":"","overlay-gradient":""},"tablet":{"background-color":"var(--ast-global-color-5)","background-image":"","background-repeat":"repeat","background-position":"center center","background-size":"auto","background-attachment":"scroll","background-type":"","background-media":"","overlay-type":"","overlay-color":"","overlay-opacity":"","overlay-gradient":""},"mobile":{"background-color":"var(--ast-global-color-5)","background-image":"","background-repeat":"repeat","background-position":"center center","background-size":"auto","background-attachment":"scroll","background-type":"","background-media":"","overlay-type":"","overlay-color":"","overlay-opacity":"","overlay-gradient":""}},"advanced_seo_description":"","jetpack_seo_html_title":"","jetpack_seo_noindex":false},"product_brand":[],"product_cat":[76,35,37,78,77,38],"product_tag":[],"class_list":{"0":"post-991","1":"product","2":"type-product","3":"status-publish","4":"has-post-thumbnail","6":"product_cat-consultoria","7":"product_cat-crecimiento-personal","8":"product_cat-finanzas-personales","9":"product_cat-marketing","10":"product_cat-productividad","11":"product_cat-psicologia","12":"desktop-align-left","13":"tablet-align-left","14":"mobile-align-left","16":"first","17":"instock","18":"downloadable","19":"virtual","20":"taxable","21":"purchasable","22":"product-type-simple"},"uagb_featured_image_src":{"full":["https:\/\/psicoterapiaentusmanos.com\/wp-content\/uploads\/2025\/05\/1000837954.jpg",1080,1080,false],"thumbnail":["https:\/\/psicoterapiaentusmanos.com\/wp-content\/uploads\/2025\/05\/1000837954-150x150.jpg",150,150,true],"medium":["https:\/\/psicoterapiaentusmanos.com\/wp-content\/uploads\/2025\/05\/1000837954-300x300.jpg",300,300,true],"medium_large":["https:\/\/psicoterapiaentusmanos.com\/wp-content\/uploads\/2025\/05\/1000837954-768x768.jpg",768,768,true],"large":["https:\/\/psicoterapiaentusmanos.com\/wp-content\/uploads\/2025\/05\/1000837954-1024x1024.jpg",1024,1024,true],"1536x1536":["https:\/\/psicoterapiaentusmanos.com\/wp-content\/uploads\/2025\/05\/1000837954.jpg",1080,1080,false],"2048x2048":["https:\/\/psicoterapiaentusmanos.com\/wp-content\/uploads\/2025\/05\/1000837954.jpg",1080,1080,false],"trp-custom-language-flag":["https:\/\/psicoterapiaentusmanos.com\/wp-content\/uploads\/2025\/05\/1000837954-12x12.jpg",12,12,true],"masteriyo_single":["https:\/\/psicoterapiaentusmanos.com\/wp-content\/uploads\/2025\/05\/1000837954-1080x992.jpg",1080,992,true],"masteriyo_thumbnail":["https:\/\/psicoterapiaentusmanos.com\/wp-content\/uploads\/2025\/05\/1000837954-540x340.jpg",540,340,true],"masteriyo_medium":["https:\/\/psicoterapiaentusmanos.com\/wp-content\/uploads\/2025\/05\/1000837954-360x224.jpg",360,224,true],"hp_square_small":["https:\/\/psicoterapiaentusmanos.com\/wp-content\/uploads\/2025\/05\/1000837954-400x400.jpg",400,400,true],"hp_landscape_small":["https:\/\/psicoterapiaentusmanos.com\/wp-content\/uploads\/2025\/05\/1000837954-400x300.jpg",400,300,true],"hp_landscape_large":["https:\/\/psicoterapiaentusmanos.com\/wp-content\/uploads\/2025\/05\/1000837954-800x600.jpg",800,600,true],"bdpp-medium":["https:\/\/psicoterapiaentusmanos.com\/wp-content\/uploads\/2025\/05\/1000837954-640x480.jpg",640,480,true],"mailpoet_newsletter_max":["https:\/\/psicoterapiaentusmanos.com\/wp-content\/uploads\/2025\/05\/1000837954.jpg",1080,1080,false],"woocommerce_thumbnail":["https:\/\/psicoterapiaentusmanos.com\/wp-content\/uploads\/2025\/05\/1000837954-300x300.jpg",300,300,true],"woocommerce_single":["https:\/\/psicoterapiaentusmanos.com\/wp-content\/uploads\/2025\/05\/1000837954-600x600.jpg",600,600,true],"woocommerce_gallery_thumbnail":["https:\/\/psicoterapiaentusmanos.com\/wp-content\/uploads\/2025\/05\/1000837954-100x100.jpg",100,100,true]},"uagb_author_info":{"display_name":"psicoterapiadm","author_link":"https:\/\/psicoterapiaentusmanos.com\/en\/author\/"},"uagb_comment_info":0,"uagb_excerpt":"\ud83d\ude80 \u00bfQuieres desbloquear tu potencial y alcanzarla sin estr\u00e9s? \u00a1Este ebook es para ti! Descubre secretos de productividad que transformar\u00e1n tu vida. Por solo $11, aprende a gestionar tu tiempo de manera efectiva. \u00a1No esperes m\u00e1s! \ud83d\udc49 Compra ahora y empieza a vivir la vida que mereces.","jetpack_sharing_enabled":true,"_links":{"self":[{"href":"https:\/\/psicoterapiaentusmanos.com\/en\/wp-json\/wp\/v2\/product\/991","targetHints":{"allow":["GET"]}}],"collection":[{"href":"https:\/\/psicoterapiaentusmanos.com\/en\/wp-json\/wp\/v2\/product"}],"about":[{"href":"https:\/\/psicoterapiaentusmanos.com\/en\/wp-json\/wp\/v2\/types\/product"}],"wp:featuredmedia":[{"embeddable":true,"href":"https:\/\/psicoterapiaentusmanos.com\/en\/wp-json\/wp\/v2\/media\/1583"}],"wp:attachment":[{"href":"https:\/\/psicoterapiaentusmanos.com\/en\/wp-json\/wp\/v2\/media?parent=991"}],"wp:term":[{"taxonomy":"product_brand","embeddable":true,"href":"https:\/\/psicoterapiaentusmanos.com\/en\/wp-json\/wp\/v2\/product_brand?post=991"},{"taxonomy":"product_cat","embeddable":true,"href":"https:\/\/psicoterapiaentusmanos.com\/en\/wp-json\/wp\/v2\/product_cat?post=991"},{"taxonomy":"product_tag","embeddable":true,"href":"https:\/\/psicoterapiaentusmanos.com\/en\/wp-json\/wp\/v2\/product_tag?post=991"}],"curies":[{"name":"wp","href":"https:\/\/api.w.org\/{rel}","templated":true}]}}