{"id":1491,"date":"2026-03-08T21:21:12","date_gmt":"2026-03-09T01:21:12","guid":{"rendered":"https:\/\/psicoterapiaentusmanos.com\/services\/"},"modified":"2026-03-08T21:28:02","modified_gmt":"2026-03-09T01:28:02","slug":"services","status":"publish","type":"page","link":"https:\/\/psicoterapiaentusmanos.com\/en\/services\/","title":{"rendered":"Services"},"content":{"rendered":"<div class=\"wp-block-uagb-container uagb-block-259e360b alignfull uagb-is-root-container\"><div class=\"uagb-container-inner-blocks-wrap\">\n<div class=\"wp-block-uagb-info-box uagb-block-1f8d3237 uagb-infobox__content-wrap  uagb-infobox-icon-above-title uagb-infobox-image-valign-top\"><div class=\"uagb-ifb-content\"><div class=\"uagb-ifb-title-wrap\"><span class=\"uagb-ifb-title-prefix\">Explora nuestras opciones<\/span><h1 class=\"uagb-ifb-title\">Servicios de psicoterapia<\/h1><\/div><\/div><\/div>\n\n\n\n<div class=\"wp-block-uagb-image alignleft uagb-block-440ed655 wp-block-uagb-image--layout-default wp-block-uagb-image--effect-static wp-block-uagb-image--align-left\"><figure class=\"wp-block-uagb-image__figure\"><img decoding=\"async\" srcset=\"https:\/\/psicoterapiaentusmanos.com\/wp-content\/uploads\/2026\/03\/pexels-photo-5699516.jpeg ,https:\/\/multipurpose13.ziptemplates.top\/wp-content\/uploads\/2024\/02\/services-header.jpg 780w, https:\/\/multipurpose13.ziptemplates.top\/wp-content\/uploads\/2024\/02\/services-header.jpg 360w\" sizes=\"auto, (max-width: 480px) 150px\" src=\"https:\/\/psicoterapiaentusmanos.com\/wp-content\/uploads\/2026\/03\/pexels-photo-5699516.jpeg\" alt=\"From above of cup of hot coffee on table with clipboard and notepad in office of psychologist\" class=\"uag-image-1459\" width=\"1200\" height=\"550\" title=\"Services\" loading=\"lazy\" role=\"img\"><\/figure><\/div>\n<\/div><\/div>\n\n\n\n<div class=\"wp-block-uagb-container uagb-block-88915b9b alignfull uagb-is-root-container\"><div class=\"uagb-container-inner-blocks-wrap\">\n<div class=\"wp-block-uagb-info-box uagb-block-8abb1f8c uagb-infobox__content-wrap  uagb-infobox-icon-above-title uagb-infobox-image-valign-top\"><div class=\"uagb-ifb-content\"><div class=\"uagb-ifb-separator\"><\/div><div class=\"uagb-ifb-title-wrap\"><h2 class=\"uagb-ifb-title\">Servicios Personalizados para Tu Bienestar<\/h2><\/div><\/div><\/div>\n\n\n\n<div class=\"wp-block-uagb-container uagb-block-73eb7b15\">\n<div class=\"wp-block-uagb-container uagb-block-52df7f6d\">\n<div class=\"wp-block-uagb-container uagb-block-81e1d008\">\n<div class=\"wp-block-uagb-info-box uagb-block-a9cd3cc3 uagb-infobox__content-wrap  uagb-infobox-icon-above-title uagb-infobox-image-valign-top\"><div class=\"uagb-ifb-content\"><div class=\"uagb-ifb-title-wrap\"><h3 class=\"uagb-ifb-title\">Terapia de pareja<\/h3><\/div><p class=\"uagb-ifb-desc\">Nuestra terapia de pareja se centra en mejorar la comunicaci\u00f3n y resolver conflictos, brindando un espacio seguro para que ambos miembros se expresen y encuentren soluciones. Trabajamos juntos para restaurar la armon\u00eda y la conexi\u00f3n emocional.<\/p><div class=\"uagb-ifb-button-wrapper wp-block-button\"><a href=\"\/en\/contact\/\" class=\"uagb-infobox-cta-link wp-block-button__link\" target=\"_self\" rel=\"noopener noreferrer\" onclick=\"return true;\" alt=\"\"><span class=\"uagb-inline-editing\">Aprender M\u00e1s<\/span><\/a><\/div><\/div><\/div>\n<\/div>\n\n\n\n<div class=\"wp-block-uagb-container uagb-block-ea2f9108\">\n<div class=\"wp-block-uagb-image alignleft uagb-block-a54eb0d0 wp-block-uagb-image--layout-default wp-block-uagb-image--effect-static wp-block-uagb-image--align-left\"><figure class=\"wp-block-uagb-image__figure\"><img decoding=\"async\" srcset=\"https:\/\/psicoterapiaentusmanos.com\/wp-content\/uploads\/2026\/03\/pexels-photo-4917212.jpeg ,https:\/\/psicoterapiaentusmanos.com\/wp-content\/uploads\/2026\/03\/pexels-photo-4917212.jpeg 780w, https:\/\/psicoterapiaentusmanos.com\/wp-content\/uploads\/2026\/03\/pexels-photo-4917212.jpeg 360w\" sizes=\"auto, (max-width: 480px) 150px\" src=\"https:\/\/psicoterapiaentusmanos.com\/wp-content\/uploads\/2026\/03\/pexels-photo-4917212.jpeg\" alt=\"A human hand gently holding purple lavender flowers on a textured white surface in soft natural light.\" class=\"uag-image-1460\" width=\"600\" height=\"420\" title=\"Services\" loading=\"lazy\" role=\"img\"><\/figure><\/div>\n<\/div>\n<\/div>\n\n\n\n<div class=\"wp-block-uagb-container uagb-block-415bb029\">\n<div class=\"wp-block-uagb-container uagb-block-2d95e7f7\">\n<div class=\"wp-block-uagb-image alignleft uagb-block-d91d06bd wp-block-uagb-image--layout-default wp-block-uagb-image--effect-static wp-block-uagb-image--align-left\"><figure class=\"wp-block-uagb-image__figure\"><img decoding=\"async\" srcset=\"https:\/\/psicoterapiaentusmanos.com\/wp-content\/uploads\/2026\/03\/pexels-photo-6984461.jpeg ,https:\/\/psicoterapiaentusmanos.com\/wp-content\/uploads\/2026\/03\/pexels-photo-6984461.jpeg 780w, https:\/\/psicoterapiaentusmanos.com\/wp-content\/uploads\/2026\/03\/pexels-photo-6984461.jpeg 360w\" sizes=\"auto, (max-width: 480px) 150px\" src=\"https:\/\/psicoterapiaentusmanos.com\/wp-content\/uploads\/2026\/03\/pexels-photo-6984461.jpeg\" alt=\"Close-up of a frangipani flower held in a palm, highlighting its delicate petals.\" class=\"uag-image-1461\" width=\"600\" height=\"420\" title=\"Services\" loading=\"lazy\" role=\"img\"><\/figure><\/div>\n<\/div>\n\n\n\n<div class=\"wp-block-uagb-container uagb-block-d3affa90\">\n<div class=\"wp-block-uagb-info-box uagb-block-d38f1ac5 uagb-infobox__content-wrap  uagb-infobox-icon-above-title uagb-infobox-image-valign-top\"><div class=\"uagb-ifb-content\"><div class=\"uagb-ifb-title-wrap\"><h3 class=\"uagb-ifb-title\">Terapia infantil<\/h3><\/div><p class=\"uagb-ifb-desc\">La terapia infantil ofrece un espacio l\u00fadico y seguro, donde los ni\u00f1os pueden expresar sus emociones. Utilizamos t\u00e9cnicas adaptadas a su edad, ayud\u00e1ndolos a enfrentar desaf\u00edos emocionales y sociales de manera efectiva para fomentar su bienestar y crecimiento personal.<\/p><div class=\"uagb-ifb-button-wrapper wp-block-button\"><a href=\"\/en\/contact\/\" class=\"uagb-infobox-cta-link wp-block-button__link\" target=\"_self\" rel=\"noopener noreferrer\" onclick=\"return true;\" alt=\"\"><span class=\"uagb-inline-editing\">Aprender M\u00e1s<\/span><\/a><\/div><\/div><\/div>\n<\/div>\n<\/div>\n\n\n\n<div class=\"wp-block-uagb-container uagb-block-8f232885\">\n<div class=\"wp-block-uagb-container uagb-block-c06802bb\">\n<div class=\"wp-block-uagb-info-box uagb-block-74867362 uagb-infobox__content-wrap  uagb-infobox-icon-above-title uagb-infobox-image-valign-top\"><div class=\"uagb-ifb-content\"><div class=\"uagb-ifb-title-wrap\"><h3 class=\"uagb-ifb-title\">Programas para empresas<\/h3><\/div><p class=\"uagb-ifb-desc\">Ofrecemos programas dise\u00f1ados para mejorar el bienestar emocional en el entorno laboral. A trav\u00e9s de talleres y capacitaciones, buscamos potenciar habilidades interpersonales y crear un ambiente de trabajo saludable, aumentando la productividad y el compromiso del equipo.<\/p><div class=\"uagb-ifb-button-wrapper wp-block-button\"><a href=\"\/en\/contact\/\" class=\"uagb-infobox-cta-link wp-block-button__link\" target=\"_self\" rel=\"noopener noreferrer\" onclick=\"return true;\" alt=\"\"><span class=\"uagb-inline-editing\">Aprender M\u00e1s<\/span><\/a><\/div><\/div><\/div>\n<\/div>\n\n\n\n<div class=\"wp-block-uagb-container uagb-block-46ad2123\">\n<div class=\"wp-block-uagb-image alignleft uagb-block-79a56dde wp-block-uagb-image--layout-default wp-block-uagb-image--effect-static wp-block-uagb-image--align-left\"><figure class=\"wp-block-uagb-image__figure\"><img decoding=\"async\" srcset=\"https:\/\/psicoterapiaentusmanos.com\/wp-content\/uploads\/2026\/03\/pexels-photo-11142239.jpeg ,https:\/\/psicoterapiaentusmanos.com\/wp-content\/uploads\/2026\/03\/pexels-photo-11142239.jpeg 780w, https:\/\/psicoterapiaentusmanos.com\/wp-content\/uploads\/2026\/03\/pexels-photo-11142239.jpeg 360w\" sizes=\"auto, (max-width: 480px) 150px\" src=\"https:\/\/psicoterapiaentusmanos.com\/wp-content\/uploads\/2026\/03\/pexels-photo-11142239.jpeg\" alt=\"Word &#039;Resilience&#039; on a pink watercolor background, symbolizing strength.\" class=\"uag-image-1462\" width=\"600\" height=\"420\" title=\"Services\" loading=\"lazy\" role=\"img\"><\/figure><\/div>\n<\/div>\n<\/div>\n<\/div>\n<\/div><\/div>\n\n\n\n<div class=\"wp-block-uagb-container uagb-block-65ad5edb alignfull uagb-is-root-container\"><div class=\"uagb-container-inner-blocks-wrap\">\n<div class=\"wp-block-uagb-container uagb-block-b1e83b7a alignfull uagb-is-root-container\"><div class=\"uagb-container-inner-blocks-wrap\">\n<div class=\"wp-block-uagb-counter uagb-block-87014a3a wp-block-uagb-counter--number\"><div class=\"wp-block-uagb-counter__number\"><span class=\"uagb-counter-block-number\" data-duration=\"1.5\" data-to-value=\"93\" data-from-value=\"0\" data-delimiter=\",\"><\/span><span class=\"uagb-counter-block-suffix\">%<\/span><\/div><div class=\"wp-block-uagb-counter__title\"><\/div><\/div>\n\n\n\n<div class=\"wp-block-uagb-advanced-heading uagb-block-2d8f73e1\"><h2 class=\"uagb-heading-text\">\u00a1Da el primer paso hacia tu cambio!<\/h2><\/div>\n\n\n\n<div class=\"wp-block-uagb-buttons uagb-buttons__outer-wrap uagb-btn__default-btn uagb-btn-tablet__default-btn uagb-btn-mobile__default-btn uagb-block-0c39ccc0\"><div class=\"uagb-buttons__wrap uagb-buttons-layout-wrap\">\n<div class=\"wp-block-uagb-buttons-child uagb-buttons__outer-wrap uagb-block-55ba2e4c wp-block-button\"><div class=\"uagb-button__wrapper\"><a class=\"uagb-buttons-repeater wp-block-button__link\" aria-label=\"\" href=\"\/en\/contact\/\" rel=\"follow noopener\" target=\"_self\"><div class=\"uagb-button__link\">Comienza Ahora<\/div><\/a><\/div><\/div>\n<\/div><\/div>\n<\/div><\/div>\n<\/div><\/div>","protected":false},"excerpt":{"rendered":"<p>\u00a1Da el primer paso hacia tu cambio!<\/p>","protected":false},"author":1,"featured_media":0,"parent":0,"menu_order":0,"comment_status":"closed","ping_status":"closed","template":"","meta":{"om_disable_all_campaigns":false,"_uag_custom_page_level_css":"","_monsterinsights_skip_tracking":false,"_monsterinsights_sitenote_active":false,"_monsterinsights_sitenote_note":"","_monsterinsights_sitenote_category":0,"site-sidebar-layout":"default","site-content-layout":"","ast-site-content-layout":"default","site-content-style":"default","site-sidebar-style":"default","ast-global-header-display":"","ast-banner-title-visibility":"","ast-main-header-display":"","ast-hfb-above-header-display":"","ast-hfb-below-header-display":"","ast-hfb-mobile-header-display":"","site-post-title":"disabled","ast-breadcrumbs-content":"","ast-featured-img":"","footer-sml-layout":"","ast-disable-related-posts":"","theme-transparent-header-meta":"","adv-header-id-meta":"","stick-header-meta":"","header-above-stick-meta":"","header-main-stick-meta":"","header-below-stick-meta":"","astra-migrate-meta-layouts":"default","ast-page-background-enabled":"default","ast-page-background-meta":{"desktop":{"background-color":"var(--ast-global-color-4)","background-image":"","background-repeat":"repeat","background-position":"center center","background-size":"auto","background-attachment":"scroll","background-type":"","background-media":"","overlay-type":"","overlay-color":"","overlay-opacity":"","overlay-gradient":""},"tablet":{"background-color":"","background-image":"","background-repeat":"repeat","background-position":"center center","background-size":"auto","background-attachment":"scroll","background-type":"","background-media":"","overlay-type":"","overlay-color":"","overlay-opacity":"","overlay-gradient":""},"mobile":{"background-color":"","background-image":"","background-repeat":"repeat","background-position":"center center","background-size":"auto","background-attachment":"scroll","background-type":"","background-media":"","overlay-type":"","overlay-color":"","overlay-opacity":"","overlay-gradient":""}},"ast-content-background-meta":{"desktop":{"background-color":"var(--ast-global-color-5)","background-image":"","background-repeat":"repeat","background-position":"center center","background-size":"auto","background-attachment":"scroll","background-type":"","background-media":"","overlay-type":"","overlay-color":"","overlay-opacity":"","overlay-gradient":""},"tablet":{"background-color":"var(--ast-global-color-5)","background-image":"","background-repeat":"repeat","background-position":"center center","background-size":"auto","background-attachment":"scroll","background-type":"","background-media":"","overlay-type":"","overlay-color":"","overlay-opacity":"","overlay-gradient":""},"mobile":{"background-color":"var(--ast-global-color-5)","background-image":"","background-repeat":"repeat","background-position":"center center","background-size":"auto","background-attachment":"scroll","background-type":"","background-media":"","overlay-type":"","overlay-color":"","overlay-opacity":"","overlay-gradient":""}},"advanced_seo_description":"","jetpack_seo_html_title":"","jetpack_seo_noindex":false,"footnotes":""},"class_list":["post-1491","page","type-page","status-publish","hentry"],"uagb_featured_image_src":{"full":false,"thumbnail":false,"medium":false,"medium_large":false,"large":false,"1536x1536":false,"2048x2048":false,"trp-custom-language-flag":false,"masteriyo_single":false,"masteriyo_thumbnail":false,"masteriyo_medium":false,"hp_square_small":false,"hp_landscape_small":false,"hp_landscape_large":false,"bdpp-medium":false,"mailpoet_newsletter_max":false,"woocommerce_thumbnail":false,"woocommerce_single":false,"woocommerce_gallery_thumbnail":false},"uagb_author_info":{"display_name":"psicoterapiadm","author_link":"https:\/\/psicoterapiaentusmanos.com\/en\/author\/psicoterapiadm\/"},"uagb_comment_info":0,"uagb_excerpt":"\u00a1Da el primer paso hacia tu cambio!","jetpack_sharing_enabled":true,"_links":{"self":[{"href":"https:\/\/psicoterapiaentusmanos.com\/en\/wp-json\/wp\/v2\/pages\/1491","targetHints":{"allow":["GET"]}}],"collection":[{"href":"https:\/\/psicoterapiaentusmanos.com\/en\/wp-json\/wp\/v2\/pages"}],"about":[{"href":"https:\/\/psicoterapiaentusmanos.com\/en\/wp-json\/wp\/v2\/types\/page"}],"author":[{"embeddable":true,"href":"https:\/\/psicoterapiaentusmanos.com\/en\/wp-json\/wp\/v2\/users\/1"}],"replies":[{"embeddable":true,"href":"https:\/\/psicoterapiaentusmanos.com\/en\/wp-json\/wp\/v2\/comments?post=1491"}],"version-history":[{"count":3,"href":"https:\/\/psicoterapiaentusmanos.com\/en\/wp-json\/wp\/v2\/pages\/1491\/revisions"}],"predecessor-version":[{"id":1520,"href":"https:\/\/psicoterapiaentusmanos.com\/en\/wp-json\/wp\/v2\/pages\/1491\/revisions\/1520"}],"wp:attachment":[{"href":"https:\/\/psicoterapiaentusmanos.com\/en\/wp-json\/wp\/v2\/media?parent=1491"}],"curies":[{"name":"wp","href":"https:\/\/api.w.org\/{rel}","templated":true}]}}